{"id":55,"date":"2025-10-30T16:54:56","date_gmt":"2025-10-30T16:54:56","guid":{"rendered":"https:\/\/tunishz.cluster100.hosting.ovh.net\/?page_id=55"},"modified":"2025-11-06T13:35:50","modified_gmt":"2025-11-06T13:35:50","slug":"55-2","status":"publish","type":"page","link":"https:\/\/tunishabitat.com\/","title":{"rendered":"TUNIS HABITAT &#8211; Agence Immobili\u00e8re en Tunisie"},"content":{"rendered":"\n<div class=\"wp-block-group alignfull is-style-default has-global-padding is-content-justification-center is-layout-constrained wp-block-group-is-layout-constrained\" style=\"margin-top:0;margin-bottom:0;padding-top:0;padding-bottom:0\">\n<div class=\"wp-block-columns alignwide is-layout-flex wp-container-core-columns-is-layout-74b2cda3 wp-block-columns-is-layout-flex\"><\/div>\n<\/div>\n\n\n\n<div class=\"wp-block-group alignfull has-global-padding is-layout-constrained wp-container-core-group-is-layout-ebee8dc1 wp-block-group-is-layout-constrained\" style=\"margin-top:0;margin-bottom:0;padding-top:var(--wp--preset--spacing--50);padding-bottom:var(--wp--preset--spacing--50)\">\n<h2 class=\"wp-block-heading alignwide has-text-color has-link-color has-large-font-size wp-elements-6a049a2f6279e3114016196407046467\" style=\"color:#1f0f5c\">Nous sommes une <strong>Agence Immobili\u00e8re Agr\u00e9\u00e9e<\/strong> par l&#8217;Etat. Vous souhaitiez acheter ou louer votre futur logement ? Vous \u00eates propri\u00e9taire et souhaitez trouver un acheteur ou un locataire ? Vous voulez louer ou acheter un commerce ou un local industriel ? Vous souhaitez investir dans l&#8217;immobilier en Tunisie ? Vous \u00eates au bon endroit.<\/h2>\n\n\n\n<div class=\"wp-block-columns alignwide is-layout-flex wp-container-core-columns-is-layout-28f84493 wp-block-columns-is-layout-flex\">\n<div class=\"wp-block-column has-text-color has-link-color wp-elements-0071c481445fb9e957b5d68d93742c31 is-layout-flow wp-block-column-is-layout-flow\" style=\"color:#1f0f5c\">\n<figure class=\"wp-block-image size-full\" style=\"margin-bottom:24px\"><img loading=\"lazy\" decoding=\"async\" width=\"503\" height=\"700\" src=\"http:\/\/tunishz.cluster100.hosting.ovh.net\/wp-content\/uploads\/2025\/10\/cour-residence.png\" alt=\"\" class=\"wp-image-78\" style=\"aspect-ratio:4\/3;object-fit:cover\" srcset=\"https:\/\/tunishabitat.com\/wp-content\/uploads\/2025\/10\/cour-residence.png 503w, https:\/\/tunishabitat.com\/wp-content\/uploads\/2025\/10\/cour-residence-216x300.png 216w\" sizes=\"auto, (max-width: 503px) 100vw, 503px\" \/><\/figure>\n\n\n\n<h3 class=\"wp-block-heading\"><strong>Syndic Immobilier Professionnel<\/strong><\/h3>\n\n\n\n<p class=\"has-medium-font-size\">Notre mission est de garantir le bon fonctionnement des copropri\u00e9t\u00e9s, le respect du r\u00e8glement int\u00e9rieur et l\u2019entretien des parties communes.<\/p>\n<\/div>\n\n\n\n<div class=\"wp-block-column has-text-color has-link-color wp-elements-38dca25875ce9723420839c32e7d5125 is-layout-flow wp-block-column-is-layout-flow\" style=\"color:#1f0f5c\">\n<figure class=\"wp-block-image size-full\" style=\"margin-bottom:24px\"><img loading=\"lazy\" decoding=\"async\" width=\"506\" height=\"706\" src=\"http:\/\/tunishz.cluster100.hosting.ovh.net\/wp-content\/uploads\/2025\/10\/renovation-.png\" alt=\"\" class=\"wp-image-82\" style=\"aspect-ratio:1.3333333333333333;object-fit:cover\" srcset=\"https:\/\/tunishabitat.com\/wp-content\/uploads\/2025\/10\/renovation-.png 506w, https:\/\/tunishabitat.com\/wp-content\/uploads\/2025\/10\/renovation--215x300.png 215w\" sizes=\"auto, (max-width: 506px) 100vw, 506px\" \/><\/figure>\n\n\n\n<h3 class=\"wp-block-heading\"><strong>Gestion locative<\/strong><\/h3>\n\n\n\n<p>Nous assurons un accompagnement complet pour la location de vos biens et une gestion dynamique de votre patrimoine immobilier.<\/p>\n<\/div>\n\n\n\n<div class=\"wp-block-column has-text-color has-link-color wp-elements-7f695b302189da8b4994a6a60059a52f is-layout-flow wp-block-column-is-layout-flow\" style=\"color:#1f0f5c\">\n<figure class=\"wp-block-image size-full\" style=\"margin-bottom:24px\"><img loading=\"lazy\" decoding=\"async\" width=\"515\" height=\"703\" src=\"http:\/\/tunishz.cluster100.hosting.ovh.net\/wp-content\/uploads\/2025\/10\/facade.png\" alt=\"\" class=\"wp-image-81\" style=\"aspect-ratio:4\/3;object-fit:cover\" srcset=\"https:\/\/tunishabitat.com\/wp-content\/uploads\/2025\/10\/facade.png 515w, https:\/\/tunishabitat.com\/wp-content\/uploads\/2025\/10\/facade-220x300.png 220w\" sizes=\"auto, (max-width: 515px) 100vw, 515px\" \/><\/figure>\n\n\n\n<h3 class=\"wp-block-heading\"><strong>Courtage en Transactions Immobili\u00e8res <\/strong><\/h3>\n\n\n\n<p class=\"has-medium-font-size\">Nous sommes des interm\u00e9diares de confiance pour vos transactions immobili\u00e8res sur toute la Tunisie : que ce soit pour un achat, une vente ou une location. Nous op\u00e9rons sur tout type de bien immobilier (r\u00e9sidentiel, commercial, industriel, agricole, terrains, h\u00f4tels)<\/p>\n<\/div>\n<\/div>\n<\/div>\n\n\n\n<div class=\"wp-block-group alignfull has-global-padding is-layout-constrained wp-block-group-is-layout-constrained\" style=\"margin-top:0;margin-bottom:0;padding-top:var(--wp--preset--spacing--50);padding-bottom:var(--wp--preset--spacing--50)\">\n<div class=\"wp-block-group alignwide is-layout-grid wp-container-core-group-is-layout-21f393a4 wp-block-group-is-layout-grid\">\n<figure class=\"wp-block-image size-full\"><img loading=\"lazy\" decoding=\"async\" width=\"503\" height=\"700\" src=\"http:\/\/tunishz.cluster100.hosting.ovh.net\/wp-content\/uploads\/2025\/10\/cour-residence-1.png\" alt=\"\" class=\"wp-image-84\" style=\"aspect-ratio:1;object-fit:cover\" srcset=\"https:\/\/tunishabitat.com\/wp-content\/uploads\/2025\/10\/cour-residence-1.png 503w, https:\/\/tunishabitat.com\/wp-content\/uploads\/2025\/10\/cour-residence-1-216x300.png 216w\" sizes=\"auto, (max-width: 503px) 100vw, 503px\" \/><\/figure>\n\n\n\n<figure class=\"wp-block-image size-full\"><img loading=\"lazy\" decoding=\"async\" width=\"502\" height=\"700\" src=\"http:\/\/tunishz.cluster100.hosting.ovh.net\/wp-content\/uploads\/2025\/10\/restaurant.png\" alt=\"\" class=\"wp-image-83\" style=\"aspect-ratio:1;object-fit:cover\" srcset=\"https:\/\/tunishabitat.com\/wp-content\/uploads\/2025\/10\/restaurant.png 502w, https:\/\/tunishabitat.com\/wp-content\/uploads\/2025\/10\/restaurant-215x300.png 215w\" sizes=\"auto, (max-width: 502px) 100vw, 502px\" \/><\/figure>\n\n\n\n<figure class=\"wp-block-image size-full wp-container-content-79286276\"><img loading=\"lazy\" decoding=\"async\" width=\"515\" height=\"703\" src=\"http:\/\/tunishz.cluster100.hosting.ovh.net\/wp-content\/uploads\/2025\/10\/facade.png\" alt=\"\" class=\"wp-image-81\" style=\"aspect-ratio:1;object-fit:cover\" srcset=\"https:\/\/tunishabitat.com\/wp-content\/uploads\/2025\/10\/facade.png 515w, https:\/\/tunishabitat.com\/wp-content\/uploads\/2025\/10\/facade-220x300.png 220w\" sizes=\"auto, (max-width: 515px) 100vw, 515px\" \/><\/figure>\n\n\n\n<figure class=\"wp-block-image size-full wp-container-content-79286276\"><img loading=\"lazy\" decoding=\"async\" width=\"1024\" height=\"1024\" src=\"https:\/\/tunishabitat.com\/wp-content\/uploads\/2025\/11\/logo-tunis-habitat-bleu-nuit-fond-blanc-1.png\" alt=\"\" class=\"wp-image-169\" srcset=\"https:\/\/tunishabitat.com\/wp-content\/uploads\/2025\/11\/logo-tunis-habitat-bleu-nuit-fond-blanc-1.png 1024w, https:\/\/tunishabitat.com\/wp-content\/uploads\/2025\/11\/logo-tunis-habitat-bleu-nuit-fond-blanc-1-300x300.png 300w, https:\/\/tunishabitat.com\/wp-content\/uploads\/2025\/11\/logo-tunis-habitat-bleu-nuit-fond-blanc-1-150x150.png 150w, https:\/\/tunishabitat.com\/wp-content\/uploads\/2025\/11\/logo-tunis-habitat-bleu-nuit-fond-blanc-1-768x768.png 768w\" sizes=\"auto, (max-width: 1024px) 100vw, 1024px\" \/><\/figure>\n<\/div>\n<\/div>\n","protected":false},"excerpt":{"rendered":"<p>Nous sommes une Agence Immobili\u00e8re Agr\u00e9\u00e9e par l&#8217;Etat. Vous souhaitiez acheter ou louer votre futur logement ? Vous \u00eates propri\u00e9taire et souhaitez trouver un acheteur ou un locataire ? Vous voulez louer ou acheter un commerce ou un local industriel ? Vous souhaitez investir dans l&#8217;immobilier en Tunisie ? Vous \u00eates au bon endroit. Syndic [&hellip;]<\/p>\n","protected":false},"author":1,"featured_media":0,"parent":0,"menu_order":0,"comment_status":"closed","ping_status":"closed","template":"","meta":{"footnotes":""},"class_list":["post-55","page","type-page","status-publish","hentry"],"_links":{"self":[{"href":"https:\/\/tunishabitat.com\/index.php\/wp-json\/wp\/v2\/pages\/55","targetHints":{"allow":["GET"]}}],"collection":[{"href":"https:\/\/tunishabitat.com\/index.php\/wp-json\/wp\/v2\/pages"}],"about":[{"href":"https:\/\/tunishabitat.com\/index.php\/wp-json\/wp\/v2\/types\/page"}],"author":[{"embeddable":true,"href":"https:\/\/tunishabitat.com\/index.php\/wp-json\/wp\/v2\/users\/1"}],"replies":[{"embeddable":true,"href":"https:\/\/tunishabitat.com\/index.php\/wp-json\/wp\/v2\/comments?post=55"}],"version-history":[{"count":88,"href":"https:\/\/tunishabitat.com\/index.php\/wp-json\/wp\/v2\/pages\/55\/revisions"}],"predecessor-version":[{"id":231,"href":"https:\/\/tunishabitat.com\/index.php\/wp-json\/wp\/v2\/pages\/55\/revisions\/231"}],"wp:attachment":[{"href":"https:\/\/tunishabitat.com\/index.php\/wp-json\/wp\/v2\/media?parent=55"}],"curies":[{"name":"wp","href":"https:\/\/api.w.org\/{rel}","templated":true}]}}